{"id":328,"date":"2024-03-18T19:18:01","date_gmt":"2024-03-18T22:18:01","guid":{"rendered":"https:\/\/peritur.com.br\/?page_id=328"},"modified":"2024-08-15T15:23:41","modified_gmt":"2024-08-15T18:23:41","slug":"city-tour","status":"publish","type":"page","link":"https:\/\/peritur.com.br\/index.php\/city-tour\/","title":{"rendered":"City Tour"},"content":{"rendered":"\t\t<div data-elementor-type=\"wp-page\" data-elementor-id=\"328\" class=\"elementor elementor-328\" data-elementor-post-type=\"page\">\n\t\t\t\t<div class=\"elementor-element elementor-element-eb709cd e-flex e-con-boxed e-con e-parent\" data-id=\"eb709cd\" data-element_type=\"container\" data-e-type=\"container\" data-settings=\"{&quot;background_background&quot;:&quot;classic&quot;}\">\n\t\t\t\t\t<div class=\"e-con-inner\">\n\t\t<div class=\"elementor-element elementor-element-7c5f407 e-flex e-con-boxed e-con e-child\" data-id=\"7c5f407\" data-element_type=\"container\" data-e-type=\"container\">\n\t\t\t\t\t<div class=\"e-con-inner\">\n\t\t<div class=\"elementor-element elementor-element-01828f2 e-con-full e-flex e-con e-child\" data-id=\"01828f2\" data-element_type=\"container\" data-e-type=\"container\">\n\t\t\t\t<div class=\"elementor-element elementor-element-9f30e7c elementor-widget elementor-widget-heading\" data-id=\"9f30e7c\" data-element_type=\"widget\" data-e-type=\"widget\" data-widget_type=\"heading.default\">\n\t\t\t\t<div class=\"elementor-widget-container\">\n\t\t\t\t\t<h2 class=\"elementor-heading-title elementor-size-default\">City Tour<\/h2>\t\t\t\t<\/div>\n\t\t\t\t<\/div>\n\t\t\t\t<div class=\"elementor-element elementor-element-d8ff108 elementor-widget elementor-widget-text-editor\" data-id=\"d8ff108\" data-element_type=\"widget\" data-e-type=\"widget\" data-widget_type=\"text-editor.default\">\n\t\t\t\t<div class=\"elementor-widget-container\">\n\t\t\t\t\t\t\t\t\t<p>Desfrute de um City Tour excepcional com nosso servi\u00e7o especializado. Descubra os segredos e maravilhas de nossa cidade enquanto exploramos seus pontos tur\u00edsticos mais famosos e joias escondidas. Guiados por profissionais experientes, cada momento ser\u00e1 uma descoberta emocionante. Venha embarcar nessa aventura conosco!<\/p>\t\t\t\t\t\t\t\t<\/div>\n\t\t\t\t<\/div>\n\t\t\t\t<\/div>\n\t\t\t\t<div class=\"elementor-element elementor-element-a4e1b1c animated-slow elementor-invisible elementor-widget elementor-widget-image\" data-id=\"a4e1b1c\" data-element_type=\"widget\" data-e-type=\"widget\" data-settings=\"{&quot;_animation&quot;:&quot;fadeInDown&quot;,&quot;_animation_delay&quot;:500}\" data-widget_type=\"image.default\">\n\t\t\t\t<div class=\"elementor-widget-container\">\n\t\t\t\t\t\t\t\t\t\t\t\t\t\t\t<img fetchpriority=\"high\" decoding=\"async\" width=\"634\" height=\"358\" src=\"http:\/\/peritur.com.br\/wp-content\/uploads\/2024\/03\/peritur-22.jpg\" class=\"attachment-large size-large wp-image-401\" alt=\"\" srcset=\"http:\/\/peritur.com.br\/wp-content\/uploads\/2024\/03\/peritur-22.jpg 634w, http:\/\/peritur.com.br\/wp-content\/uploads\/2024\/03\/peritur-22-300x169.jpg 300w\" sizes=\"(max-width: 634px) 100vw, 634px\" \/>\t\t\t\t\t\t\t\t\t\t\t\t\t\t\t<\/div>\n\t\t\t\t<\/div>\n\t\t\t\t\t<\/div>\n\t\t\t\t<\/div>\n\t\t\t\t<div class=\"elementor-element elementor-element-620a603 elementor-widget elementor-widget-spacer\" data-id=\"620a603\" data-element_type=\"widget\" data-e-type=\"widget\" data-widget_type=\"spacer.default\">\n\t\t\t\t<div class=\"elementor-widget-container\">\n\t\t\t\t\t\t\t<div class=\"elementor-spacer\">\n\t\t\t<div class=\"elementor-spacer-inner\"><\/div>\n\t\t<\/div>\n\t\t\t\t\t\t<\/div>\n\t\t\t\t<\/div>\n\t\t<div class=\"elementor-element elementor-element-6c4a415 e-flex e-con-boxed e-con e-child\" data-id=\"6c4a415\" data-element_type=\"container\" data-e-type=\"container\">\n\t\t\t\t\t<div class=\"e-con-inner\">\n\t\t\t\t<div class=\"elementor-element elementor-element-362f367 elementor-widget elementor-widget-heading\" data-id=\"362f367\" data-element_type=\"widget\" data-e-type=\"widget\" data-widget_type=\"heading.default\">\n\t\t\t\t<div class=\"elementor-widget-container\">\n\t\t\t\t\t<h2 class=\"elementor-heading-title elementor-size-default\">Experi\u00eancia Memor\u00e1vel<\/h2>\t\t\t\t<\/div>\n\t\t\t\t<\/div>\n\t\t\t\t<div class=\"elementor-element elementor-element-9739999 elementor-widget elementor-widget-text-editor\" data-id=\"9739999\" data-element_type=\"widget\" data-e-type=\"widget\" data-widget_type=\"text-editor.default\">\n\t\t\t\t<div class=\"elementor-widget-container\">\n\t\t\t\t\t\t\t\t\t<p>Descubra a ess\u00eancia da cidade em nosso exclusivo servi\u00e7o de City Tour. Convidamos voc\u00ea a embarcar em uma jornada fascinante pelos seus encantos, guiados por especialistas locais apaixonados pela hist\u00f3ria e cultura do destino.<\/p><p>Durante o passeio, exploraremos os pontos tur\u00edsticos mais emblem\u00e1ticos, como monumentos hist\u00f3ricos, pra\u00e7as vibrantes e arquitetura deslumbrante. Al\u00e9m disso, vamos desvendar os segredos escondidos em becos pitorescos e locais menos conhecidos, proporcionando uma vis\u00e3o aut\u00eantica e completa da cidade.<\/p><p>Nossa equipe experiente estar\u00e1 \u00e0 disposi\u00e7\u00e3o para compartilhar hist\u00f3rias interessantes e curiosidades sobre cada parada, garantindo que voc\u00ea mergulhe completamente na atmosfera local. Voc\u00ea ter\u00e1 a oportunidade de capturar momentos memor\u00e1veis e admirar vistas panor\u00e2micas deslumbrantes que revelam a verdadeira beleza da cidade.<\/p><p>Com o nosso servi\u00e7o de City Tour, voc\u00ea ter\u00e1 a liberdade de explorar a cidade no seu pr\u00f3prio ritmo, sem se preocupar com log\u00edstica ou planejamento. Relaxando em nosso confort\u00e1vel transporte, voc\u00ea poder\u00e1 desfrutar de uma experi\u00eancia envolvente e enriquecedora, ideal para viajantes de todas as idades e interesses.<\/p>\t\t\t\t\t\t\t\t<\/div>\n\t\t\t\t<\/div>\n\t\t\t\t\t<\/div>\n\t\t\t\t<\/div>\n\t\t\t\t\t<\/div>\n\t\t\t\t<\/div>\n\t\t<div class=\"elementor-element elementor-element-c8c6ab1 e-flex e-con-boxed e-con e-parent\" data-id=\"c8c6ab1\" data-element_type=\"container\" data-e-type=\"container\" data-settings=\"{&quot;background_background&quot;:&quot;classic&quot;}\">\n\t\t\t\t\t<div class=\"e-con-inner\">\n\t\t<div class=\"elementor-element elementor-element-c519d1b e-flex e-con-boxed e-con e-child\" data-id=\"c519d1b\" data-element_type=\"container\" data-e-type=\"container\">\n\t\t\t\t\t<div class=\"e-con-inner\">\n\t\t\t\t<div class=\"elementor-element elementor-element-9135bf3 animated-slow elementor-position-top elementor-invisible elementor-widget elementor-widget-image-box\" data-id=\"9135bf3\" data-element_type=\"widget\" data-e-type=\"widget\" data-settings=\"{&quot;_animation&quot;:&quot;fadeInLeft&quot;,&quot;_animation_delay&quot;:500}\" data-widget_type=\"image-box.default\">\n\t\t\t\t<div class=\"elementor-widget-container\">\n\t\t\t\t\t<div class=\"elementor-image-box-wrapper\"><figure class=\"elementor-image-box-img\"><img decoding=\"async\" width=\"634\" height=\"358\" src=\"http:\/\/peritur.com.br\/wp-content\/uploads\/2024\/03\/peritur-21.jpg\" class=\"attachment-full size-full wp-image-402\" alt=\"\" srcset=\"https:\/\/peritur.com.br\/wp-content\/uploads\/2024\/03\/peritur-21.jpg 634w, https:\/\/peritur.com.br\/wp-content\/uploads\/2024\/03\/peritur-21-300x169.jpg 300w\" sizes=\"(max-width: 634px) 100vw, 634px\" \/><\/figure><div class=\"elementor-image-box-content\"><h3 class=\"elementor-image-box-title\">City tour em grupo<\/h3><p class=\"elementor-image-box-description\">\nDesfrute de um emocionante City Tour em grupo conosco! Nossa experi\u00eancia oferece a oportunidade perfeita para explorar os pontos tur\u00edsticos mais fascinantes da cidade ao lado de amigos, familiares ou colegas de viagem. Guiados por nossos especialistas locais, voc\u00eas descobrir\u00e3o juntos os segredos e encantos que tornam este destino \u00fanico. De monumentos hist\u00f3ricos a locais pitorescos, cada parada \u00e9 uma oportunidade para criar mem\u00f3rias inesquec\u00edveis. Embarquem nesta aventura coletiva e descubram todos os tesouros que esta cidade tem a oferecer!<\/p><\/div><\/div>\t\t\t\t<\/div>\n\t\t\t\t<\/div>\n\t\t\t\t<div class=\"elementor-element elementor-element-5509a40 animated-slow elementor-position-top elementor-invisible elementor-widget elementor-widget-image-box\" data-id=\"5509a40\" data-element_type=\"widget\" data-e-type=\"widget\" data-settings=\"{&quot;_animation&quot;:&quot;fadeInRight&quot;,&quot;_animation_delay&quot;:500}\" data-widget_type=\"image-box.default\">\n\t\t\t\t<div class=\"elementor-widget-container\">\n\t\t\t\t\t<div class=\"elementor-image-box-wrapper\"><figure class=\"elementor-image-box-img\"><img decoding=\"async\" width=\"634\" height=\"358\" src=\"http:\/\/peritur.com.br\/wp-content\/uploads\/2024\/03\/peritur-20.jpg\" class=\"attachment-full size-full wp-image-403\" alt=\"\" srcset=\"https:\/\/peritur.com.br\/wp-content\/uploads\/2024\/03\/peritur-20.jpg 634w, https:\/\/peritur.com.br\/wp-content\/uploads\/2024\/03\/peritur-20-300x169.jpg 300w\" sizes=\"(max-width: 634px) 100vw, 634px\" \/><\/figure><div class=\"elementor-image-box-content\"><h3 class=\"elementor-image-box-title\">City Tour Exclusivo<\/h3><p class=\"elementor-image-box-description\">Desfrute de uma experi\u00eancia exclusiva com nosso City Tour Privado. Permita-nos lev\u00e1-lo por uma jornada personalizada pelos pontos tur\u00edsticos mais emblem\u00e1ticos da cidade, adaptada aos seus interesses e prefer\u00eancias. Com um guia dedicado \u00e0 sua disposi\u00e7\u00e3o, voc\u00ea ter\u00e1 a liberdade de explorar no seu pr\u00f3prio ritmo, sem as restri\u00e7\u00f5es de um grupo. Descubra os segredos e encantos da cidade de uma maneira \u00fanica e memor\u00e1vel. Esteja pronto para uma experi\u00eancia verdadeiramente exclusiva e enriquecedora!<\/p><\/div><\/div>\t\t\t\t<\/div>\n\t\t\t\t<\/div>\n\t\t\t\t\t<\/div>\n\t\t\t\t<\/div>\n\t\t\t\t\t<\/div>\n\t\t\t\t<\/div>\n\t\t<div class=\"elementor-element elementor-element-e97dba8 e-flex e-con-boxed e-con e-parent\" data-id=\"e97dba8\" data-element_type=\"container\" data-e-type=\"container\" data-settings=\"{&quot;background_background&quot;:&quot;classic&quot;}\">\n\t\t\t\t\t<div class=\"e-con-inner\">\n\t\t\t\t<div class=\"elementor-element elementor-element-6b4efef elementor-widget elementor-widget-heading\" data-id=\"6b4efef\" data-element_type=\"widget\" data-e-type=\"widget\" data-widget_type=\"heading.default\">\n\t\t\t\t<div class=\"elementor-widget-container\">\n\t\t\t\t\t<h2 class=\"elementor-heading-title elementor-size-default\">Porque a Peritur para City Tour\n\n\n\n<\/h2>\t\t\t\t<\/div>\n\t\t\t\t<\/div>\n\t\t\t\t<div class=\"elementor-element elementor-element-4cfc419 elementor-widget elementor-widget-text-editor\" data-id=\"4cfc419\" data-element_type=\"widget\" data-e-type=\"widget\" data-widget_type=\"text-editor.default\">\n\t\t\t\t<div class=\"elementor-widget-container\">\n\t\t\t\t\t\t\t\t\t<p>Escolha a Peritur para seu City Tour e desfrute de uma experi\u00eancia incompar\u00e1vel. Com anos de experi\u00eancia e uma equipe de especialistas locais, garantimos que sua jornada pela cidade seja memor\u00e1vel por todas as raz\u00f5es certas. Nossa abordagem personalizada permite que voc\u00ea descubra os destaques e os tesouros escondidos da cidade de uma maneira aut\u00eantica e envolvente.<\/p>\t\t\t\t\t\t\t\t<\/div>\n\t\t\t\t<\/div>\n\t\t\t\t\t<\/div>\n\t\t\t\t<\/div>\n\t\t<div class=\"elementor-element elementor-element-b6010be e-flex e-con-boxed e-con e-parent\" data-id=\"b6010be\" data-element_type=\"container\" data-e-type=\"container\">\n\t\t\t\t\t<div class=\"e-con-inner\">\n\t\t<div class=\"elementor-element elementor-element-cd2c9b8 e-flex e-con-boxed e-con e-child\" data-id=\"cd2c9b8\" data-element_type=\"container\" data-e-type=\"container\">\n\t\t\t\t\t<div class=\"e-con-inner\">\n\t\t\t\t<div class=\"elementor-element elementor-element-ec3d412 elementor-position-left elementor-vertical-align-middle elementor-widget elementor-widget-image-box\" data-id=\"ec3d412\" data-element_type=\"widget\" data-e-type=\"widget\" data-widget_type=\"image-box.default\">\n\t\t\t\t<div class=\"elementor-widget-container\">\n\t\t\t\t\t<div class=\"elementor-image-box-wrapper\"><figure class=\"elementor-image-box-img\"><img loading=\"lazy\" decoding=\"async\" width=\"512\" height=\"512\" src=\"http:\/\/peritur.com.br\/wp-content\/uploads\/2024\/03\/telefone.png\" class=\"attachment-full size-full wp-image-363\" alt=\"\" srcset=\"https:\/\/peritur.com.br\/wp-content\/uploads\/2024\/03\/telefone.png 512w, https:\/\/peritur.com.br\/wp-content\/uploads\/2024\/03\/telefone-300x300.png 300w, https:\/\/peritur.com.br\/wp-content\/uploads\/2024\/03\/telefone-150x150.png 150w\" sizes=\"(max-width: 512px) 100vw, 512px\" \/><\/figure><div class=\"elementor-image-box-content\"><h3 class=\"elementor-image-box-title\">11 2615-3101<\/h3><\/div><\/div>\t\t\t\t<\/div>\n\t\t\t\t<\/div>\n\t\t\t\t<div class=\"elementor-element elementor-element-df6e61f elementor-position-left elementor-vertical-align-middle elementor-widget elementor-widget-image-box\" data-id=\"df6e61f\" data-element_type=\"widget\" data-e-type=\"widget\" data-widget_type=\"image-box.default\">\n\t\t\t\t<div class=\"elementor-widget-container\">\n\t\t\t\t\t<div class=\"elementor-image-box-wrapper\"><figure class=\"elementor-image-box-img\"><img loading=\"lazy\" decoding=\"async\" width=\"512\" height=\"512\" src=\"http:\/\/peritur.com.br\/wp-content\/uploads\/2024\/03\/whatsapp.png\" class=\"attachment-full size-full wp-image-364\" alt=\"\" srcset=\"https:\/\/peritur.com.br\/wp-content\/uploads\/2024\/03\/whatsapp.png 512w, https:\/\/peritur.com.br\/wp-content\/uploads\/2024\/03\/whatsapp-300x300.png 300w, https:\/\/peritur.com.br\/wp-content\/uploads\/2024\/03\/whatsapp-150x150.png 150w\" sizes=\"(max-width: 512px) 100vw, 512px\" \/><\/figure><div class=\"elementor-image-box-content\"><h3 class=\"elementor-image-box-title\">(11) 94792-1489\/ 97176-0429<\/h3><\/div><\/div>\t\t\t\t<\/div>\n\t\t\t\t<\/div>\n\t\t\t\t<div class=\"elementor-element elementor-element-9a74615 elementor-position-left elementor-vertical-align-middle elementor-widget elementor-widget-image-box\" data-id=\"9a74615\" data-element_type=\"widget\" data-e-type=\"widget\" data-widget_type=\"image-box.default\">\n\t\t\t\t<div class=\"elementor-widget-container\">\n\t\t\t\t\t<div class=\"elementor-image-box-wrapper\"><figure class=\"elementor-image-box-img\"><img loading=\"lazy\" decoding=\"async\" width=\"512\" height=\"512\" src=\"http:\/\/peritur.com.br\/wp-content\/uploads\/2024\/03\/wifi-mail.png\" class=\"attachment-full size-full wp-image-365\" alt=\"\" srcset=\"https:\/\/peritur.com.br\/wp-content\/uploads\/2024\/03\/wifi-mail.png 512w, https:\/\/peritur.com.br\/wp-content\/uploads\/2024\/03\/wifi-mail-300x300.png 300w, https:\/\/peritur.com.br\/wp-content\/uploads\/2024\/03\/wifi-mail-150x150.png 150w\" sizes=\"(max-width: 512px) 100vw, 512px\" \/><\/figure><div class=\"elementor-image-box-content\"><h3 class=\"elementor-image-box-title\">vania@peritur.com.br<\/h3><\/div><\/div>\t\t\t\t<\/div>\n\t\t\t\t<\/div>\n\t\t\t\t\t<\/div>\n\t\t\t\t<\/div>\n\t\t\t\t\t<\/div>\n\t\t\t\t<\/div>\n\t\t\t\t<\/div>\n\t\t","protected":false},"excerpt":{"rendered":"<p>City Tour Desfrute de um City Tour excepcional com nosso servi\u00e7o especializado. Descubra os segredos e maravilhas de nossa cidade enquanto exploramos seus pontos tur\u00edsticos mais famosos e joias escondidas. Guiados por profissionais experientes, cada momento ser\u00e1 uma descoberta emocionante. Venha embarcar nessa aventura conosco! Experi\u00eancia Memor\u00e1vel Descubra a ess\u00eancia da cidade em nosso exclusivo [&hellip;]<\/p>\n","protected":false},"author":1,"featured_media":0,"parent":0,"menu_order":0,"comment_status":"closed","ping_status":"closed","template":"","meta":{"_joinchat":[],"footnotes":""},"class_list":["post-328","page","type-page","status-publish","hentry"],"_links":{"self":[{"href":"https:\/\/peritur.com.br\/index.php\/wp-json\/wp\/v2\/pages\/328","targetHints":{"allow":["GET"]}}],"collection":[{"href":"https:\/\/peritur.com.br\/index.php\/wp-json\/wp\/v2\/pages"}],"about":[{"href":"https:\/\/peritur.com.br\/index.php\/wp-json\/wp\/v2\/types\/page"}],"author":[{"embeddable":true,"href":"https:\/\/peritur.com.br\/index.php\/wp-json\/wp\/v2\/users\/1"}],"replies":[{"embeddable":true,"href":"https:\/\/peritur.com.br\/index.php\/wp-json\/wp\/v2\/comments?post=328"}],"version-history":[{"count":13,"href":"https:\/\/peritur.com.br\/index.php\/wp-json\/wp\/v2\/pages\/328\/revisions"}],"predecessor-version":[{"id":524,"href":"https:\/\/peritur.com.br\/index.php\/wp-json\/wp\/v2\/pages\/328\/revisions\/524"}],"wp:attachment":[{"href":"https:\/\/peritur.com.br\/index.php\/wp-json\/wp\/v2\/media?parent=328"}],"curies":[{"name":"wp","href":"https:\/\/api.w.org\/{rel}","templated":true}]}}