{"id":324,"date":"2024-03-18T19:10:49","date_gmt":"2024-03-18T22:10:49","guid":{"rendered":"https:\/\/peritur.com.br\/?page_id=324"},"modified":"2024-08-15T14:18:30","modified_gmt":"2024-08-15T17:18:30","slug":"motorista-executivo","status":"publish","type":"page","link":"https:\/\/peritur.com.br\/index.php\/motorista-executivo\/","title":{"rendered":"Motorista Executivo"},"content":{"rendered":"\t\t<div data-elementor-type=\"wp-page\" data-elementor-id=\"324\" class=\"elementor elementor-324\" data-elementor-post-type=\"page\">\n\t\t\t\t<div class=\"elementor-element elementor-element-6bb0b3c e-flex e-con-boxed e-con e-parent\" data-id=\"6bb0b3c\" data-element_type=\"container\" data-e-type=\"container\" data-settings=\"{&quot;background_background&quot;:&quot;classic&quot;}\">\n\t\t\t\t\t<div class=\"e-con-inner\">\n\t\t<div class=\"elementor-element elementor-element-60f03db e-flex e-con-boxed e-con e-child\" data-id=\"60f03db\" data-element_type=\"container\" data-e-type=\"container\">\n\t\t\t\t\t<div class=\"e-con-inner\">\n\t\t<div class=\"elementor-element elementor-element-520ebeb e-con-full e-flex e-con e-child\" data-id=\"520ebeb\" data-element_type=\"container\" data-e-type=\"container\">\n\t\t\t\t<div class=\"elementor-element elementor-element-59336ad elementor-widget elementor-widget-heading\" data-id=\"59336ad\" data-element_type=\"widget\" data-e-type=\"widget\" data-widget_type=\"heading.default\">\n\t\t\t\t<div class=\"elementor-widget-container\">\n\t\t\t\t\t<h2 class=\"elementor-heading-title elementor-size-default\">Motorista Executivo<\/h2>\t\t\t\t<\/div>\n\t\t\t\t<\/div>\n\t\t\t\t<div class=\"elementor-element elementor-element-0632c21 elementor-widget elementor-widget-text-editor\" data-id=\"0632c21\" data-element_type=\"widget\" data-e-type=\"widget\" data-widget_type=\"text-editor.default\">\n\t\t\t\t<div class=\"elementor-widget-container\">\n\t\t\t\t\t\t\t\t\t<p>O motorista executivo \u00e9 mais que um condutor. \u00c9 o profissional que alia habilidades de dire\u00e7\u00e3o exemplar a etiqueta refinada e discri\u00e7\u00e3o, garantindo viagens suaves e seguras para clientes de alto n\u00edvel, sempre priorizando conforto e pontualidade.<\/p>\t\t\t\t\t\t\t\t<\/div>\n\t\t\t\t<\/div>\n\t\t\t\t<\/div>\n\t\t\t\t<div class=\"elementor-element elementor-element-e1056f7 animated-slow elementor-invisible elementor-widget elementor-widget-image\" data-id=\"e1056f7\" data-element_type=\"widget\" data-e-type=\"widget\" data-settings=\"{&quot;_animation&quot;:&quot;fadeInDown&quot;,&quot;_animation_delay&quot;:500}\" data-widget_type=\"image.default\">\n\t\t\t\t<div class=\"elementor-widget-container\">\n\t\t\t\t\t\t\t\t\t\t\t\t\t\t\t<img fetchpriority=\"high\" decoding=\"async\" width=\"634\" height=\"358\" src=\"http:\/\/peritur.com.br\/wp-content\/uploads\/2024\/03\/peritur-14.jpg\" class=\"attachment-large size-large wp-image-376\" alt=\"\" srcset=\"http:\/\/peritur.com.br\/wp-content\/uploads\/2024\/03\/peritur-14.jpg 634w, http:\/\/peritur.com.br\/wp-content\/uploads\/2024\/03\/peritur-14-300x169.jpg 300w\" sizes=\"(max-width: 634px) 100vw, 634px\" \/>\t\t\t\t\t\t\t\t\t\t\t\t\t\t\t<\/div>\n\t\t\t\t<\/div>\n\t\t\t\t\t<\/div>\n\t\t\t\t<\/div>\n\t\t\t\t<div class=\"elementor-element elementor-element-26ad398 elementor-widget elementor-widget-spacer\" data-id=\"26ad398\" data-element_type=\"widget\" data-e-type=\"widget\" data-widget_type=\"spacer.default\">\n\t\t\t\t<div class=\"elementor-widget-container\">\n\t\t\t\t\t\t\t<div class=\"elementor-spacer\">\n\t\t\t<div class=\"elementor-spacer-inner\"><\/div>\n\t\t<\/div>\n\t\t\t\t\t\t<\/div>\n\t\t\t\t<\/div>\n\t\t<div class=\"elementor-element elementor-element-244215c e-flex e-con-boxed e-con e-child\" data-id=\"244215c\" data-element_type=\"container\" data-e-type=\"container\">\n\t\t\t\t\t<div class=\"e-con-inner\">\n\t\t\t\t<div class=\"elementor-element elementor-element-5eb9a6b elementor-widget elementor-widget-heading\" data-id=\"5eb9a6b\" data-element_type=\"widget\" data-e-type=\"widget\" data-widget_type=\"heading.default\">\n\t\t\t\t<div class=\"elementor-widget-container\">\n\t\t\t\t\t<h2 class=\"elementor-heading-title elementor-size-default\">Investimento para o seu trajeto.<\/h2>\t\t\t\t<\/div>\n\t\t\t\t<\/div>\n\t\t\t\t<div class=\"elementor-element elementor-element-257a44e elementor-widget elementor-widget-text-editor\" data-id=\"257a44e\" data-element_type=\"widget\" data-e-type=\"widget\" data-widget_type=\"text-editor.default\">\n\t\t\t\t<div class=\"elementor-widget-container\">\n\t\t\t\t\t\t\t\t\t<p>Descubra o Luxo e Conforto do Nosso Servi\u00e7o de Motorista Executivo<\/p><p>Nosso servi\u00e7o de motorista executivo \u00e9 uma fus\u00e3o de luxo, efici\u00eancia e profissionalismo, projetado para atender \u00e0s necessidades mais exigentes dos nossos clientes.<\/p><p>Pontualidade \u00e9 a nossa prioridade. Nossos motoristas s\u00e3o altamente experientes e conhecem as rotas mais eficientes, evitando congestionamentos e imprevistos no trajeto.<\/p><p>Al\u00e9m da pontualidade, a seguran\u00e7a \u00e9 fundamental em todas as nossas opera\u00e7\u00f5es. Nossa frota de ve\u00edculos \u00e9 composta por modelos de \u00faltima gera\u00e7\u00e3o, equipados com tecnologia avan\u00e7ada de seguran\u00e7a e mantidos em condi\u00e7\u00f5es impec\u00e1veis atrav\u00e9s de manuten\u00e7\u00e3o regular e rigorosos padr\u00f5es de inspe\u00e7\u00e3o.<\/p><p>O conforto \u00e9 outra marca registrada do nosso servi\u00e7o. Nossos ve\u00edculos s\u00e3o espa\u00e7osos, elegantemente decorados e equipados com amenidades que garantem uma viagem relaxante e produtiva.<\/p><p>Ao escolher nosso servi\u00e7o de motorista executivo, voc\u00ea est\u00e1 optando por uma experi\u00eancia de transporte premium que combina eleg\u00e2ncia, confiabilidade e excel\u00eancia em todos os aspectos. Permita-nos lev\u00e1-lo aonde voc\u00ea precisa ir, enquanto desfruta do mais alto padr\u00e3o de servi\u00e7o que s\u00f3 n\u00f3s podemos oferecer.<\/p>\t\t\t\t\t\t\t\t<\/div>\n\t\t\t\t<\/div>\n\t\t\t\t\t<\/div>\n\t\t\t\t<\/div>\n\t\t\t\t\t<\/div>\n\t\t\t\t<\/div>\n\t\t<div class=\"elementor-element elementor-element-4ad268f e-flex e-con-boxed e-con e-parent\" data-id=\"4ad268f\" data-element_type=\"container\" data-e-type=\"container\" data-settings=\"{&quot;background_background&quot;:&quot;classic&quot;}\">\n\t\t\t\t\t<div class=\"e-con-inner\">\n\t\t<div class=\"elementor-element elementor-element-898adda e-flex e-con-boxed e-con e-child\" data-id=\"898adda\" data-element_type=\"container\" data-e-type=\"container\">\n\t\t\t\t\t<div class=\"e-con-inner\">\n\t\t\t\t<div class=\"elementor-element elementor-element-cbc0541 animated-slow elementor-position-top elementor-invisible elementor-widget elementor-widget-image-box\" data-id=\"cbc0541\" data-element_type=\"widget\" data-e-type=\"widget\" data-settings=\"{&quot;_animation&quot;:&quot;fadeInLeft&quot;,&quot;_animation_delay&quot;:500}\" data-widget_type=\"image-box.default\">\n\t\t\t\t<div class=\"elementor-widget-container\">\n\t\t\t\t\t<div class=\"elementor-image-box-wrapper\"><figure class=\"elementor-image-box-img\"><img decoding=\"async\" width=\"634\" height=\"358\" src=\"http:\/\/peritur.com.br\/wp-content\/uploads\/2024\/03\/peritur-15.jpg\" class=\"attachment-full size-full wp-image-377\" alt=\"\" srcset=\"https:\/\/peritur.com.br\/wp-content\/uploads\/2024\/03\/peritur-15.jpg 634w, https:\/\/peritur.com.br\/wp-content\/uploads\/2024\/03\/peritur-15-300x169.jpg 300w\" sizes=\"(max-width: 634px) 100vw, 634px\" \/><\/figure><div class=\"elementor-image-box-content\"><h3 class=\"elementor-image-box-title\">Motorista executivo para Empresas<\/h3><p class=\"elementor-image-box-description\">\nNosso servi\u00e7o de motorista executivo para empresas oferece conveni\u00eancia e profissionalismo incompar\u00e1veis. Motoristas experientes e ve\u00edculos de luxo garantem viagens eficientes e confort\u00e1veis para seus funcion\u00e1rios e clientes. Uma escolha confi\u00e1vel para elevar a imagem e o padr\u00e3o de transporte da sua empresa.<\/p><\/div><\/div>\t\t\t\t<\/div>\n\t\t\t\t<\/div>\n\t\t\t\t<div class=\"elementor-element elementor-element-1ade30b animated-slow elementor-position-top elementor-invisible elementor-widget elementor-widget-image-box\" data-id=\"1ade30b\" data-element_type=\"widget\" data-e-type=\"widget\" data-settings=\"{&quot;_animation&quot;:&quot;fadeInRight&quot;,&quot;_animation_delay&quot;:500}\" data-widget_type=\"image-box.default\">\n\t\t\t\t<div class=\"elementor-widget-container\">\n\t\t\t\t\t<div class=\"elementor-image-box-wrapper\"><figure class=\"elementor-image-box-img\"><img decoding=\"async\" width=\"634\" height=\"358\" src=\"http:\/\/peritur.com.br\/wp-content\/uploads\/2024\/03\/peritur-16.jpg\" class=\"attachment-full size-full wp-image-378\" alt=\"\" srcset=\"https:\/\/peritur.com.br\/wp-content\/uploads\/2024\/03\/peritur-16.jpg 634w, https:\/\/peritur.com.br\/wp-content\/uploads\/2024\/03\/peritur-16-300x169.jpg 300w\" sizes=\"(max-width: 634px) 100vw, 634px\" \/><\/figure><div class=\"elementor-image-box-content\"><h3 class=\"elementor-image-box-title\">Motorista executivo para Aeroportos<\/h3><p class=\"elementor-image-box-description\">\nChegue aos aeroportos com estilo e tranquilidade com nosso servi\u00e7o de motorista executivo. Nossos motoristas experientes garantem pontualidade e conforto em cada trajeto. Desfrute de uma viagem sem estresse em nossos ve\u00edculos de luxo, enquanto nos concentramos em tornar sua experi\u00eancia aeroportu\u00e1ria perfeita.<\/p><\/div><\/div>\t\t\t\t<\/div>\n\t\t\t\t<\/div>\n\t\t\t\t\t<\/div>\n\t\t\t\t<\/div>\n\t\t\t\t\t<\/div>\n\t\t\t\t<\/div>\n\t\t<div class=\"elementor-element elementor-element-6ffa688 e-flex e-con-boxed e-con e-parent\" data-id=\"6ffa688\" data-element_type=\"container\" data-e-type=\"container\" data-settings=\"{&quot;background_background&quot;:&quot;classic&quot;}\">\n\t\t\t\t\t<div class=\"e-con-inner\">\n\t\t\t\t<div class=\"elementor-element elementor-element-a66e60f elementor-widget elementor-widget-heading\" data-id=\"a66e60f\" data-element_type=\"widget\" data-e-type=\"widget\" data-widget_type=\"heading.default\">\n\t\t\t\t<div class=\"elementor-widget-container\">\n\t\t\t\t\t<h2 class=\"elementor-heading-title elementor-size-default\">Por que Escolher a Peritur para Transporte Executivo\n\n<\/h2>\t\t\t\t<\/div>\n\t\t\t\t<\/div>\n\t\t\t\t<div class=\"elementor-element elementor-element-e831844 elementor-widget elementor-widget-text-editor\" data-id=\"e831844\" data-element_type=\"widget\" data-e-type=\"widget\" data-widget_type=\"text-editor.default\">\n\t\t\t\t<div class=\"elementor-widget-container\">\n\t\t\t\t\t\t\t\t\t<p>Escolher a Peritur para servi\u00e7os de motorista executivo \u00e9 optar pela excel\u00eancia em transporte de alto padr\u00e3o. Nossa reputa\u00e7\u00e3o \u00e9 constru\u00edda sobre a base de pontualidade, seguran\u00e7a e conforto. Nossos motoristas s\u00e3o profissionais experientes, garantindo viagens suaves e discretas. Com uma frota de ve\u00edculos de luxo e um compromisso inabal\u00e1vel com a satisfa\u00e7\u00e3o do cliente, oferecemos uma experi\u00eancia inigual\u00e1vel em transporte executivo. Confie na Peritur para elevar cada viagem a um novo n\u00edvel de qualidade e prest\u00edgio.<\/p>\t\t\t\t\t\t\t\t<\/div>\n\t\t\t\t<\/div>\n\t\t\t\t\t<\/div>\n\t\t\t\t<\/div>\n\t\t<div class=\"elementor-element elementor-element-f7fb5d2 e-flex e-con-boxed e-con e-parent\" data-id=\"f7fb5d2\" data-element_type=\"container\" data-e-type=\"container\">\n\t\t\t\t\t<div class=\"e-con-inner\">\n\t\t<div class=\"elementor-element elementor-element-57944e5 e-flex e-con-boxed e-con e-child\" data-id=\"57944e5\" data-element_type=\"container\" data-e-type=\"container\">\n\t\t\t\t\t<div class=\"e-con-inner\">\n\t\t\t\t<div class=\"elementor-element elementor-element-b8c6583 elementor-position-left elementor-vertical-align-middle elementor-widget elementor-widget-image-box\" data-id=\"b8c6583\" data-element_type=\"widget\" data-e-type=\"widget\" data-widget_type=\"image-box.default\">\n\t\t\t\t<div class=\"elementor-widget-container\">\n\t\t\t\t\t<div class=\"elementor-image-box-wrapper\"><figure class=\"elementor-image-box-img\"><img loading=\"lazy\" decoding=\"async\" width=\"512\" height=\"512\" src=\"http:\/\/peritur.com.br\/wp-content\/uploads\/2024\/03\/telefone.png\" class=\"attachment-full size-full wp-image-363\" alt=\"\" srcset=\"https:\/\/peritur.com.br\/wp-content\/uploads\/2024\/03\/telefone.png 512w, https:\/\/peritur.com.br\/wp-content\/uploads\/2024\/03\/telefone-300x300.png 300w, https:\/\/peritur.com.br\/wp-content\/uploads\/2024\/03\/telefone-150x150.png 150w\" sizes=\"(max-width: 512px) 100vw, 512px\" \/><\/figure><div class=\"elementor-image-box-content\"><h3 class=\"elementor-image-box-title\">11 2615-3101<\/h3><\/div><\/div>\t\t\t\t<\/div>\n\t\t\t\t<\/div>\n\t\t\t\t<div class=\"elementor-element elementor-element-6153191 elementor-position-left elementor-vertical-align-middle elementor-widget elementor-widget-image-box\" data-id=\"6153191\" data-element_type=\"widget\" data-e-type=\"widget\" data-widget_type=\"image-box.default\">\n\t\t\t\t<div class=\"elementor-widget-container\">\n\t\t\t\t\t<div class=\"elementor-image-box-wrapper\"><figure class=\"elementor-image-box-img\"><img loading=\"lazy\" decoding=\"async\" width=\"512\" height=\"512\" src=\"http:\/\/peritur.com.br\/wp-content\/uploads\/2024\/03\/whatsapp.png\" class=\"attachment-full size-full wp-image-364\" alt=\"\" srcset=\"https:\/\/peritur.com.br\/wp-content\/uploads\/2024\/03\/whatsapp.png 512w, https:\/\/peritur.com.br\/wp-content\/uploads\/2024\/03\/whatsapp-300x300.png 300w, https:\/\/peritur.com.br\/wp-content\/uploads\/2024\/03\/whatsapp-150x150.png 150w\" sizes=\"(max-width: 512px) 100vw, 512px\" \/><\/figure><div class=\"elementor-image-box-content\"><h3 class=\"elementor-image-box-title\">(11) 94792-1489\/ 97176-0429<\/h3><\/div><\/div>\t\t\t\t<\/div>\n\t\t\t\t<\/div>\n\t\t\t\t<div class=\"elementor-element elementor-element-88ef52a elementor-position-left elementor-vertical-align-middle elementor-widget elementor-widget-image-box\" data-id=\"88ef52a\" data-element_type=\"widget\" data-e-type=\"widget\" data-widget_type=\"image-box.default\">\n\t\t\t\t<div class=\"elementor-widget-container\">\n\t\t\t\t\t<div class=\"elementor-image-box-wrapper\"><figure class=\"elementor-image-box-img\"><img loading=\"lazy\" decoding=\"async\" width=\"512\" height=\"512\" src=\"http:\/\/peritur.com.br\/wp-content\/uploads\/2024\/03\/wifi-mail.png\" class=\"attachment-full size-full wp-image-365\" alt=\"\" srcset=\"https:\/\/peritur.com.br\/wp-content\/uploads\/2024\/03\/wifi-mail.png 512w, https:\/\/peritur.com.br\/wp-content\/uploads\/2024\/03\/wifi-mail-300x300.png 300w, https:\/\/peritur.com.br\/wp-content\/uploads\/2024\/03\/wifi-mail-150x150.png 150w\" sizes=\"(max-width: 512px) 100vw, 512px\" \/><\/figure><div class=\"elementor-image-box-content\"><h3 class=\"elementor-image-box-title\">vania@peritur.com.br<\/h3><\/div><\/div>\t\t\t\t<\/div>\n\t\t\t\t<\/div>\n\t\t\t\t\t<\/div>\n\t\t\t\t<\/div>\n\t\t\t\t\t<\/div>\n\t\t\t\t<\/div>\n\t\t\t\t<\/div>\n\t\t","protected":false},"excerpt":{"rendered":"<p>Motorista Executivo O motorista executivo \u00e9 mais que um condutor. \u00c9 o profissional que alia habilidades de dire\u00e7\u00e3o exemplar a etiqueta refinada e discri\u00e7\u00e3o, garantindo viagens suaves e seguras para clientes de alto n\u00edvel, sempre priorizando conforto e pontualidade. Investimento para o seu trajeto. Descubra o Luxo e Conforto do Nosso Servi\u00e7o de Motorista Executivo [&hellip;]<\/p>\n","protected":false},"author":1,"featured_media":0,"parent":0,"menu_order":0,"comment_status":"closed","ping_status":"closed","template":"","meta":{"_joinchat":[],"footnotes":""},"class_list":["post-324","page","type-page","status-publish","hentry"],"_links":{"self":[{"href":"https:\/\/peritur.com.br\/index.php\/wp-json\/wp\/v2\/pages\/324","targetHints":{"allow":["GET"]}}],"collection":[{"href":"https:\/\/peritur.com.br\/index.php\/wp-json\/wp\/v2\/pages"}],"about":[{"href":"https:\/\/peritur.com.br\/index.php\/wp-json\/wp\/v2\/types\/page"}],"author":[{"embeddable":true,"href":"https:\/\/peritur.com.br\/index.php\/wp-json\/wp\/v2\/users\/1"}],"replies":[{"embeddable":true,"href":"https:\/\/peritur.com.br\/index.php\/wp-json\/wp\/v2\/comments?post=324"}],"version-history":[{"count":10,"href":"https:\/\/peritur.com.br\/index.php\/wp-json\/wp\/v2\/pages\/324\/revisions"}],"predecessor-version":[{"id":516,"href":"https:\/\/peritur.com.br\/index.php\/wp-json\/wp\/v2\/pages\/324\/revisions\/516"}],"wp:attachment":[{"href":"https:\/\/peritur.com.br\/index.php\/wp-json\/wp\/v2\/media?parent=324"}],"curies":[{"name":"wp","href":"https:\/\/api.w.org\/{rel}","templated":true}]}}